{"id":8448,"date":"2024-06-10T14:19:36","date_gmt":"2024-06-10T14:19:36","guid":{"rendered":"https:\/\/hydsol.cl\/?post_type=product&#038;p=8448"},"modified":"2024-06-10T16:03:35","modified_gmt":"2024-06-10T16:03:35","slug":"manguera-para-quimicos","status":"publish","type":"product","link":"https:\/\/hydsol.cl\/index.php\/producto\/manguera-para-quimicos\/","title":{"rendered":"MANGUERA PARA QU\u00cdMICOS"},"content":{"rendered":"<section class=\"l-section wpb_row us_custom_d984a24d height_auto width_full\"><div class=\"l-section-h i-cf\"><div class=\"g-cols vc_row via_grid cols_2 laptops-cols_inherit tablets-cols_inherit mobiles-cols_1 valign_top type_boxes stacking_default\" style=\"--gap:0rem;\"><div class=\"wpb_column vc_column_container us_custom_e366b51c has_bg_color\"><div class=\"vc_column-inner\"><\/div><\/div><div class=\"wpb_column vc_column_container us_custom_ebc3210c has_text_color has_bg_color\"><div class=\"vc_column-inner\"><div class=\"w-separator size_medium\"><\/div><div class=\"w-separator size_medium\"><\/div><div class=\"wpb_text_column\"><div class=\"wpb_wrapper\"><h2><strong><span style=\"color: #ed5a35;\">MANGUERA PARA QU\u00cdMICOS<\/span><\/strong><\/h2>\n<\/div><\/div><div class=\"w-separator size_medium\"><\/div><div class=\"wpb_text_column\"><div class=\"wpb_wrapper\"><h6>La manguera para qu\u00edmicos es un componente cr\u00edtico en entornos industriales donde se manejan productos qu\u00edmicos corrosivos, peligrosos o agresivos. Est\u00e1 dise\u00f1ada espec\u00edficamente para resistir la corrosi\u00f3n y la degradaci\u00f3n causadas por una amplia gama de productos qu\u00edmicos, as\u00ed como para garantizar la seguridad del personal y la integridad del equipo.<\/h6>\n<\/div><\/div><div class=\"w-separator size_medium\"><\/div><div class=\"w-hwrapper hide_on_tablets hide_on_mobiles valign_middle align_center\" style=\"--hwrapper-gap:1.20rem\"><div class=\"w-btn-wrapper align_center\"><a class=\"w-btn us-btn-style_29\" title=\"WhatsApp\" href=\"https:\/\/wa.me\/56994572583\"><span class=\"w-btn-label\">WhatsApp<\/span><\/a><\/div><div class=\"w-btn-wrapper align_center\"><a class=\"w-btn us-btn-style_30\" title=\"Cotizar\" href=\"\/index.php\/cotizar\/\"><span class=\"w-btn-label\">Cotizar<\/span><\/a><\/div><div class=\"w-btn-wrapper align_center\"><a class=\"w-btn us-btn-style_27\" title=\"Cont\u00e1ctenos\" href=\"\/index.php\/contacto\/\"><span class=\"w-btn-label\">Cont\u00e1ctanos<\/span><\/a><\/div><\/div><div class=\"w-vwrapper hide_on_default hide_on_laptops align_center valign_middle\"><div class=\"w-btn-wrapper align_center\"><a class=\"w-btn us-btn-style_29\" title=\"WhatsApp\" href=\"https:\/\/wa.me\/56994572583\"><span class=\"w-btn-label\">WhatsApp<\/span><\/a><\/div><div class=\"w-btn-wrapper align_center\"><a class=\"w-btn us-btn-style_30\" title=\"Cotizar\" href=\"\/index.php\/cotizar\/\"><span class=\"w-btn-label\">Cotizar<\/span><\/a><\/div><div class=\"w-btn-wrapper align_center\"><a class=\"w-btn us-btn-style_27\" title=\"Cont\u00e1ctenos\" href=\"\/index.php\/contacto\/\"><span class=\"w-btn-label\">Cont\u00e1ctanos<\/span><\/a><\/div><\/div><\/div><\/div><\/div><\/div><\/section>\n","protected":false},"excerpt":{"rendered":"MANGUERA PARA QU\u00cdMICOS La manguera para qu\u00edmicos es un componente cr\u00edtico en entornos industriales donde se manejan productos qu\u00edmicos corrosivos, peligrosos o agresivos. Est\u00e1 dise\u00f1ada espec\u00edficamente para resistir la corrosi\u00f3n y la degradaci\u00f3n causadas por una amplia gama de productos qu\u00edmicos, as\u00ed como para garantizar la seguridad del personal y la integridad del equipo. WhatsAppCotizarCont\u00e1ctanosWhatsAppCotizarCont\u00e1ctanos","protected":false},"featured_media":8479,"comment_status":"open","ping_status":"closed","template":"","meta":{"_acf_changed":false},"product_brand":[],"product_cat":[78],"product_tag":[],"class_list":{"0":"post-8448","1":"product","2":"type-product","3":"status-publish","4":"has-post-thumbnail","6":"product_cat-mangueras-hidraulicas","8":"first","9":"instock","10":"shipping-taxable","11":"product-type-simple"},"acf":[],"_links":{"self":[{"href":"https:\/\/hydsol.cl\/index.php\/wp-json\/wp\/v2\/product\/8448","targetHints":{"allow":["GET"]}}],"collection":[{"href":"https:\/\/hydsol.cl\/index.php\/wp-json\/wp\/v2\/product"}],"about":[{"href":"https:\/\/hydsol.cl\/index.php\/wp-json\/wp\/v2\/types\/product"}],"replies":[{"embeddable":true,"href":"https:\/\/hydsol.cl\/index.php\/wp-json\/wp\/v2\/comments?post=8448"}],"wp:featuredmedia":[{"embeddable":true,"href":"https:\/\/hydsol.cl\/index.php\/wp-json\/wp\/v2\/media\/8479"}],"wp:attachment":[{"href":"https:\/\/hydsol.cl\/index.php\/wp-json\/wp\/v2\/media?parent=8448"}],"wp:term":[{"taxonomy":"product_brand","embeddable":true,"href":"https:\/\/hydsol.cl\/index.php\/wp-json\/wp\/v2\/product_brand?post=8448"},{"taxonomy":"product_cat","embeddable":true,"href":"https:\/\/hydsol.cl\/index.php\/wp-json\/wp\/v2\/product_cat?post=8448"},{"taxonomy":"product_tag","embeddable":true,"href":"https:\/\/hydsol.cl\/index.php\/wp-json\/wp\/v2\/product_tag?post=8448"}],"curies":[{"name":"wp","href":"https:\/\/api.w.org\/{rel}","templated":true}]}}