{"id":8439,"date":"2024-06-10T14:06:39","date_gmt":"2024-06-10T14:06:39","guid":{"rendered":"https:\/\/hydsol.cl\/?post_type=product&#038;p=8439"},"modified":"2024-06-10T15:56:30","modified_gmt":"2024-06-10T15:56:30","slug":"mangueras-con-estandar-minero","status":"publish","type":"product","link":"https:\/\/hydsol.cl\/index.php\/producto\/mangueras-con-estandar-minero\/","title":{"rendered":"MANGUERAS CON ESTANDAR MINERO"},"content":{"rendered":"<section class=\"l-section wpb_row us_custom_d984a24d height_auto width_full\"><div class=\"l-section-h i-cf\"><div class=\"g-cols vc_row via_grid cols_2 laptops-cols_inherit tablets-cols_inherit mobiles-cols_1 valign_top type_boxes stacking_default\" style=\"--gap:0rem;\"><div class=\"wpb_column vc_column_container us_custom_7161fcc5 has_bg_color\"><div class=\"vc_column-inner\"><\/div><\/div><div class=\"wpb_column vc_column_container us_custom_ebc3210c has_text_color has_bg_color\"><div class=\"vc_column-inner\"><div class=\"w-separator size_medium\"><\/div><div class=\"w-separator size_medium\"><\/div><div class=\"wpb_text_column\"><div class=\"wpb_wrapper\"><h2><strong><span style=\"color: #ed5a35;\">MANGUERAS CON ESTANDAR MINERO<\/span><\/strong><\/h2>\n<\/div><\/div><div class=\"w-separator size_medium\"><\/div><div class=\"wpb_text_column\"><div class=\"wpb_wrapper\"><h6>La manguera de alta temperatura con cubierta microperforada es una soluci\u00f3n innovadora dise\u00f1ada para transportar fluidos a temperaturas extremas en aplicaciones industriales exigentes. Esta manguera est\u00e1 especialmente dise\u00f1ada para resistir altas temperaturas y presiones, proporcionando un rendimiento confiable y seguro incluso en entornos de trabajo extremos.<\/h6>\n<\/div><\/div><div class=\"w-separator size_medium\"><\/div><div class=\"w-hwrapper hide_on_tablets hide_on_mobiles valign_middle align_center\" style=\"--hwrapper-gap:1.20rem\"><div class=\"w-btn-wrapper align_center\"><a class=\"w-btn us-btn-style_29\" title=\"WhatsApp\" href=\"https:\/\/wa.me\/56994572583\"><span class=\"w-btn-label\">WhatsApp<\/span><\/a><\/div><div class=\"w-btn-wrapper align_center\"><a class=\"w-btn us-btn-style_30\" title=\"Cotizar\" href=\"\/index.php\/cotizar\/\"><span class=\"w-btn-label\">Cotizar<\/span><\/a><\/div><div class=\"w-btn-wrapper align_center\"><a class=\"w-btn us-btn-style_27\" title=\"Cont\u00e1ctenos\" href=\"\/index.php\/contacto\/\"><span class=\"w-btn-label\">Cont\u00e1ctanos<\/span><\/a><\/div><\/div><div class=\"w-vwrapper hide_on_default hide_on_laptops align_center valign_middle\"><div class=\"w-btn-wrapper align_center\"><a class=\"w-btn us-btn-style_29\" title=\"WhatsApp\" href=\"https:\/\/wa.me\/56994572583\"><span class=\"w-btn-label\">WhatsApp<\/span><\/a><\/div><div class=\"w-btn-wrapper align_center\"><a class=\"w-btn us-btn-style_30\" title=\"Cotizar\" href=\"\/index.php\/cotizar\/\"><span class=\"w-btn-label\">Cotizar<\/span><\/a><\/div><div class=\"w-btn-wrapper align_center\"><a class=\"w-btn us-btn-style_27\" title=\"Cont\u00e1ctenos\" href=\"\/index.php\/contacto\/\"><span class=\"w-btn-label\">Cont\u00e1ctanos<\/span><\/a><\/div><\/div><\/div><\/div><\/div><\/div><\/section>\n","protected":false},"excerpt":{"rendered":"MANGUERAS CON ESTANDAR MINERO La manguera de alta temperatura con cubierta microperforada es una soluci\u00f3n innovadora dise\u00f1ada para transportar fluidos a temperaturas extremas en aplicaciones industriales exigentes. Esta manguera est\u00e1 especialmente dise\u00f1ada para resistir altas temperaturas y presiones, proporcionando un rendimiento confiable y seguro incluso en entornos de trabajo extremos. WhatsAppCotizarCont\u00e1ctanosWhatsAppCotizarCont\u00e1ctanos","protected":false},"featured_media":8473,"comment_status":"open","ping_status":"closed","template":"","meta":{"_acf_changed":false},"product_brand":[],"product_cat":[78],"product_tag":[],"class_list":{"0":"post-8439","1":"product","2":"type-product","3":"status-publish","4":"has-post-thumbnail","6":"product_cat-mangueras-hidraulicas","8":"first","9":"instock","10":"shipping-taxable","11":"product-type-simple"},"acf":[],"_links":{"self":[{"href":"https:\/\/hydsol.cl\/index.php\/wp-json\/wp\/v2\/product\/8439","targetHints":{"allow":["GET"]}}],"collection":[{"href":"https:\/\/hydsol.cl\/index.php\/wp-json\/wp\/v2\/product"}],"about":[{"href":"https:\/\/hydsol.cl\/index.php\/wp-json\/wp\/v2\/types\/product"}],"replies":[{"embeddable":true,"href":"https:\/\/hydsol.cl\/index.php\/wp-json\/wp\/v2\/comments?post=8439"}],"wp:featuredmedia":[{"embeddable":true,"href":"https:\/\/hydsol.cl\/index.php\/wp-json\/wp\/v2\/media\/8473"}],"wp:attachment":[{"href":"https:\/\/hydsol.cl\/index.php\/wp-json\/wp\/v2\/media?parent=8439"}],"wp:term":[{"taxonomy":"product_brand","embeddable":true,"href":"https:\/\/hydsol.cl\/index.php\/wp-json\/wp\/v2\/product_brand?post=8439"},{"taxonomy":"product_cat","embeddable":true,"href":"https:\/\/hydsol.cl\/index.php\/wp-json\/wp\/v2\/product_cat?post=8439"},{"taxonomy":"product_tag","embeddable":true,"href":"https:\/\/hydsol.cl\/index.php\/wp-json\/wp\/v2\/product_tag?post=8439"}],"curies":[{"name":"wp","href":"https:\/\/api.w.org\/{rel}","templated":true}]}}