{"id":8281,"date":"2024-06-06T22:01:21","date_gmt":"2024-06-06T22:01:21","guid":{"rendered":"https:\/\/hydsol.cl\/?post_type=product&#038;p=8281"},"modified":"2024-07-24T15:03:54","modified_gmt":"2024-07-24T15:03:54","slug":"mangueras","status":"publish","type":"product","link":"https:\/\/hydsol.cl\/index.php\/producto\/mangueras\/","title":{"rendered":"MANGUERAS"},"content":{"rendered":"<section class=\"l-section wpb_row us_custom_ebc3210c has_text_color height_auto width_full\"><div class=\"l-section-h i-cf\"><div class=\"g-cols vc_row via_grid cols_1-4-1 laptops-cols_inherit tablets-cols_inherit mobiles-cols_1 valign_top type_default stacking_default\"><div class=\"wpb_column vc_column_container\"><div class=\"vc_column-inner\"><\/div><\/div><div class=\"wpb_column vc_column_container\"><div class=\"vc_column-inner\"><div class=\"w-separator size_medium\"><\/div><div class=\"w-separator size_medium\"><\/div><div class=\"w-separator size_medium\"><\/div><div class=\"wpb_text_column\"><div class=\"wpb_wrapper\"><h2><strong><span style=\"color: #ed5a35;\">MANGUERAS HIDR\u00c1ULICAS<\/span><\/strong><\/h2>\n<\/div><\/div><div class=\"w-separator size_medium\"><\/div><div class=\"wpb_text_column\"><div class=\"wpb_wrapper\"><h6>En Hydsol, ofrecemos mangueras hidr\u00e1ulicas de alta calidad, dise\u00f1adas para soportar las condiciones m\u00e1s exigentes y garantizar un rendimiento \u00f3ptimo en aplicaciones industriales. Nuestras mangueras est\u00e1n fabricadas con materiales duraderos que resisten altas presiones y temperaturas.<\/h6>\n<\/div><\/div><\/div><\/div><div class=\"wpb_column vc_column_container\"><div class=\"vc_column-inner\"><\/div><\/div><\/div><\/div><\/section><section class=\"l-section wpb_row us_custom_6e8f6c39 height_custom width_full\"><div class=\"l-section-h i-cf\"><div class=\"g-cols vc_row via_grid cols_1 laptops-cols_inherit tablets-cols_inherit mobiles-cols_1 valign_top type_default stacking_default\"><div class=\"wpb_column vc_column_container\"><div class=\"vc_column-inner\"><div class=\"g-cols wpb_row via_grid cols_1-4-1 laptops-cols_inherit tablets-cols_inherit mobiles-cols_1 valign_top type_default stacking_default\" style=\"--gap:3rem;\"><div class=\"wpb_column vc_column_container\"><div class=\"vc_column-inner\"><\/div><\/div><div class=\"wpb_column vc_column_container\"><div class=\"vc_column-inner\"><div class=\"w-grid type_grid layout_8421 cols_3\" id=\"us_grid_1\" style=\"--gap:1.5rem;\" data-filterable=\"true\"><style>@media (max-width:1024px){#us_grid_1 .w-grid-item{width:50%}}@media (max-width:600px){#us_grid_1 .w-grid-list{margin:0}#us_grid_1 .w-grid-item{width:100%;padding:0;margin-bottom:var(--gap,0px)}}.layout_8421 .w-grid-item-h{}.layout_8421 .usg_post_image_1{width:100%!important;height:400px!important}.layout_8421 .usg_post_title_1{color:#1a1a1a!important;text-align:center!important;font-weight:400!important}.layout_8421 .usg_vwrapper_1{margin:10px!important;background:#ffffff!important;padding:30px 10px 10px 10px!important}.layout_8421 .usg_btn_1{text-align:center!important}<\/style><div class=\"w-grid-list\">\t<article class=\"w-grid-item size_1x1 post-8449 product type-product status-publish has-post-thumbnail product_cat-mangueras-hidraulicas first instock shipping-taxable product-type-simple\" data-id=\"8449\">\r\n\t\t<div class=\"w-grid-item-h\">\r\n\t\t\t\t\t\t<div class=\"w-vwrapper usg_vwrapper_1 align_center valign_middle\"><div class=\"w-post-elm post_image usg_post_image_1 has_width has_height stretched\"><a href=\"https:\/\/hydsol.cl\/index.php\/producto\/manguera-plana\/\" aria-label=\"MANGUERA PLANA\"><img loading=\"lazy\" decoding=\"async\" width=\"495\" height=\"376\" src=\"https:\/\/hydsol.cl\/wp-content\/uploads\/2024\/06\/MANGUERA-PLANA-HIDRAULICA.webp\" class=\"attachment-large size-large wp-post-image\" alt=\"\" srcset=\"https:\/\/hydsol.cl\/wp-content\/uploads\/2024\/06\/MANGUERA-PLANA-HIDRAULICA.webp 495w, https:\/\/hydsol.cl\/wp-content\/uploads\/2024\/06\/MANGUERA-PLANA-HIDRAULICA-300x228.webp 300w\" sizes=\"auto, (max-width: 495px) 100vw, 495px\" \/><\/a><\/div><h4 class=\"w-post-elm post_title usg_post_title_1 has_text_color align_center woocommerce-loop-product__title color_link_inherit\"><a href=\"https:\/\/hydsol.cl\/index.php\/producto\/manguera-plana\/\">MANGUERA PLANA<\/a><\/h4><div class=\"w-hwrapper usg_hwrapper_1 align_center valign_middle\" style=\"--hwrapper-gap:1.20rem\"><a class=\"w-btn us-btn-style_3 usg_btn_1\" href=\"https:\/\/hydsol.cl\/index.php\/producto\/manguera-plana\/\"><span class=\"w-btn-label\">COTIZAR<\/span><\/a><\/div><\/div>\t\t<\/div>\r\n\t\t\t<\/article>\r\n\t<article class=\"w-grid-item size_1x1 post-8448 product type-product status-publish has-post-thumbnail product_cat-mangueras-hidraulicas  instock shipping-taxable product-type-simple\" data-id=\"8448\">\r\n\t\t<div class=\"w-grid-item-h\">\r\n\t\t\t\t\t\t<div class=\"w-vwrapper usg_vwrapper_1 align_center valign_middle\"><div class=\"w-post-elm post_image usg_post_image_1 has_width has_height stretched\"><a href=\"https:\/\/hydsol.cl\/index.php\/producto\/manguera-para-quimicos\/\" aria-label=\"MANGUERA PARA QU\u00cdMICOS\"><img loading=\"lazy\" decoding=\"async\" width=\"500\" height=\"500\" src=\"https:\/\/hydsol.cl\/wp-content\/uploads\/2024\/06\/MANGUERA-PARA-QUIMICOS.jpg\" class=\"attachment-large size-large wp-post-image\" alt=\"\" srcset=\"https:\/\/hydsol.cl\/wp-content\/uploads\/2024\/06\/MANGUERA-PARA-QUIMICOS.jpg 500w, https:\/\/hydsol.cl\/wp-content\/uploads\/2024\/06\/MANGUERA-PARA-QUIMICOS-300x300.jpg 300w, https:\/\/hydsol.cl\/wp-content\/uploads\/2024\/06\/MANGUERA-PARA-QUIMICOS-150x150.jpg 150w\" sizes=\"auto, (max-width: 500px) 100vw, 500px\" \/><\/a><\/div><h4 class=\"w-post-elm post_title usg_post_title_1 has_text_color align_center woocommerce-loop-product__title color_link_inherit\"><a href=\"https:\/\/hydsol.cl\/index.php\/producto\/manguera-para-quimicos\/\">MANGUERA PARA QU\u00cdMICOS<\/a><\/h4><div class=\"w-hwrapper usg_hwrapper_1 align_center valign_middle\" style=\"--hwrapper-gap:1.20rem\"><a class=\"w-btn us-btn-style_3 usg_btn_1\" href=\"https:\/\/hydsol.cl\/index.php\/producto\/manguera-para-quimicos\/\"><span class=\"w-btn-label\">COTIZAR<\/span><\/a><\/div><\/div>\t\t<\/div>\r\n\t\t\t<\/article>\r\n\t<article class=\"w-grid-item size_1x1 post-8446 product type-product status-publish has-post-thumbnail product_cat-mangueras-hidraulicas last instock shipping-taxable product-type-simple\" data-id=\"8446\">\r\n\t\t<div class=\"w-grid-item-h\">\r\n\t\t\t\t\t\t<div class=\"w-vwrapper usg_vwrapper_1 align_center valign_middle\"><div class=\"w-post-elm post_image usg_post_image_1 has_width has_height stretched\"><a href=\"https:\/\/hydsol.cl\/index.php\/producto\/manguera-para-pesca\/\" aria-label=\"MANGUERA PARA PESCA\"><img loading=\"lazy\" decoding=\"async\" width=\"500\" height=\"500\" src=\"https:\/\/hydsol.cl\/wp-content\/uploads\/2024\/06\/MANGUERA-PARA-PESCA.jpg\" class=\"attachment-large size-large wp-post-image\" alt=\"\" srcset=\"https:\/\/hydsol.cl\/wp-content\/uploads\/2024\/06\/MANGUERA-PARA-PESCA.jpg 500w, https:\/\/hydsol.cl\/wp-content\/uploads\/2024\/06\/MANGUERA-PARA-PESCA-300x300.jpg 300w, https:\/\/hydsol.cl\/wp-content\/uploads\/2024\/06\/MANGUERA-PARA-PESCA-150x150.jpg 150w\" sizes=\"auto, (max-width: 500px) 100vw, 500px\" \/><\/a><\/div><h4 class=\"w-post-elm post_title usg_post_title_1 has_text_color align_center woocommerce-loop-product__title color_link_inherit\"><a href=\"https:\/\/hydsol.cl\/index.php\/producto\/manguera-para-pesca\/\">MANGUERA PARA PESCA<\/a><\/h4><div class=\"w-hwrapper usg_hwrapper_1 align_center valign_middle\" style=\"--hwrapper-gap:1.20rem\"><a class=\"w-btn us-btn-style_3 usg_btn_1\" href=\"https:\/\/hydsol.cl\/index.php\/producto\/manguera-para-pesca\/\"><span class=\"w-btn-label\">COTIZAR<\/span><\/a><\/div><\/div>\t\t<\/div>\r\n\t\t\t<\/article>\r\n\t<article class=\"w-grid-item size_1x1 post-8444 product type-product status-publish has-post-thumbnail product_cat-mangueras-hidraulicas first instock shipping-taxable product-type-simple\" data-id=\"8444\">\r\n\t\t<div class=\"w-grid-item-h\">\r\n\t\t\t\t\t\t<div class=\"w-vwrapper usg_vwrapper_1 align_center valign_middle\"><div class=\"w-post-elm post_image usg_post_image_1 has_width has_height stretched\"><a href=\"https:\/\/hydsol.cl\/index.php\/producto\/manguera-para-combustible\/\" aria-label=\"MANGUERA PARA COMBUSTIBLE\"><img loading=\"lazy\" decoding=\"async\" width=\"500\" height=\"500\" src=\"https:\/\/hydsol.cl\/wp-content\/uploads\/2024\/06\/MANGUERA-PARA-COMBUSTIBLE.jpg\" class=\"attachment-large size-large wp-post-image\" alt=\"\" srcset=\"https:\/\/hydsol.cl\/wp-content\/uploads\/2024\/06\/MANGUERA-PARA-COMBUSTIBLE.jpg 500w, https:\/\/hydsol.cl\/wp-content\/uploads\/2024\/06\/MANGUERA-PARA-COMBUSTIBLE-300x300.jpg 300w, https:\/\/hydsol.cl\/wp-content\/uploads\/2024\/06\/MANGUERA-PARA-COMBUSTIBLE-150x150.jpg 150w\" sizes=\"auto, (max-width: 500px) 100vw, 500px\" \/><\/a><\/div><h4 class=\"w-post-elm post_title usg_post_title_1 has_text_color align_center woocommerce-loop-product__title color_link_inherit\"><a href=\"https:\/\/hydsol.cl\/index.php\/producto\/manguera-para-combustible\/\">MANGUERA PARA COMBUSTIBLE<\/a><\/h4><div class=\"w-hwrapper usg_hwrapper_1 align_center valign_middle\" style=\"--hwrapper-gap:1.20rem\"><a class=\"w-btn us-btn-style_3 usg_btn_1\" href=\"https:\/\/hydsol.cl\/index.php\/producto\/manguera-para-combustible\/\"><span class=\"w-btn-label\">COTIZAR<\/span><\/a><\/div><\/div>\t\t<\/div>\r\n\t\t\t<\/article>\r\n\t<article class=\"w-grid-item size_1x1 post-8443 product type-product status-publish has-post-thumbnail product_cat-mangueras-hidraulicas  instock shipping-taxable product-type-simple\" data-id=\"8443\">\r\n\t\t<div class=\"w-grid-item-h\">\r\n\t\t\t\t\t\t<div class=\"w-vwrapper usg_vwrapper_1 align_center valign_middle\"><div class=\"w-post-elm post_image usg_post_image_1 has_width has_height stretched\"><a href=\"https:\/\/hydsol.cl\/index.php\/producto\/manguera-metalica\/\" aria-label=\"MANGUERA MET\u00c1LICA\"><img loading=\"lazy\" decoding=\"async\" width=\"500\" height=\"500\" src=\"https:\/\/hydsol.cl\/wp-content\/uploads\/2024\/06\/MANGUERAS-METALICAS.jpg\" class=\"attachment-large size-large wp-post-image\" alt=\"\" srcset=\"https:\/\/hydsol.cl\/wp-content\/uploads\/2024\/06\/MANGUERAS-METALICAS.jpg 500w, https:\/\/hydsol.cl\/wp-content\/uploads\/2024\/06\/MANGUERAS-METALICAS-300x300.jpg 300w, https:\/\/hydsol.cl\/wp-content\/uploads\/2024\/06\/MANGUERAS-METALICAS-150x150.jpg 150w\" sizes=\"auto, (max-width: 500px) 100vw, 500px\" \/><\/a><\/div><h4 class=\"w-post-elm post_title usg_post_title_1 has_text_color align_center woocommerce-loop-product__title color_link_inherit\"><a href=\"https:\/\/hydsol.cl\/index.php\/producto\/manguera-metalica\/\">MANGUERA MET\u00c1LICA<\/a><\/h4><div class=\"w-hwrapper usg_hwrapper_1 align_center valign_middle\" style=\"--hwrapper-gap:1.20rem\"><a class=\"w-btn us-btn-style_3 usg_btn_1\" href=\"https:\/\/hydsol.cl\/index.php\/producto\/manguera-metalica\/\"><span class=\"w-btn-label\">COTIZAR<\/span><\/a><\/div><\/div>\t\t<\/div>\r\n\t\t\t<\/article>\r\n\t<article class=\"w-grid-item size_1x1 post-8442 product type-product status-publish has-post-thumbnail product_cat-mangueras-hidraulicas last instock shipping-taxable product-type-simple\" data-id=\"8442\">\r\n\t\t<div class=\"w-grid-item-h\">\r\n\t\t\t\t\t\t<div class=\"w-vwrapper usg_vwrapper_1 align_center valign_middle\"><div class=\"w-post-elm post_image usg_post_image_1 has_width has_height stretched\"><a href=\"https:\/\/hydsol.cl\/index.php\/producto\/manguera-industrial\/\" aria-label=\"MANGUERA INDUSTRIAL\"><img loading=\"lazy\" decoding=\"async\" width=\"570\" height=\"336\" src=\"https:\/\/hydsol.cl\/wp-content\/uploads\/2024\/06\/MANGUERA-INDUSTRIAL.jpeg\" class=\"attachment-large size-large wp-post-image\" alt=\"\" srcset=\"https:\/\/hydsol.cl\/wp-content\/uploads\/2024\/06\/MANGUERA-INDUSTRIAL.jpeg 570w, https:\/\/hydsol.cl\/wp-content\/uploads\/2024\/06\/MANGUERA-INDUSTRIAL-300x177.jpeg 300w\" sizes=\"auto, (max-width: 570px) 100vw, 570px\" \/><\/a><\/div><h4 class=\"w-post-elm post_title usg_post_title_1 has_text_color align_center woocommerce-loop-product__title color_link_inherit\"><a href=\"https:\/\/hydsol.cl\/index.php\/producto\/manguera-industrial\/\">MANGUERA INDUSTRIAL<\/a><\/h4><div class=\"w-hwrapper usg_hwrapper_1 align_center valign_middle\" style=\"--hwrapper-gap:1.20rem\"><a class=\"w-btn us-btn-style_3 usg_btn_1\" href=\"https:\/\/hydsol.cl\/index.php\/producto\/manguera-industrial\/\"><span class=\"w-btn-label\">COTIZAR<\/span><\/a><\/div><\/div>\t\t<\/div>\r\n\t\t\t<\/article>\r\n\t<article class=\"w-grid-item size_1x1 post-8441 product type-product status-publish has-post-thumbnail product_cat-mangueras-hidraulicas first instock shipping-taxable product-type-simple\" data-id=\"8441\">\r\n\t\t<div class=\"w-grid-item-h\">\r\n\t\t\t\t\t\t<div class=\"w-vwrapper usg_vwrapper_1 align_center valign_middle\"><div class=\"w-post-elm post_image usg_post_image_1 has_width has_height stretched\"><a href=\"https:\/\/hydsol.cl\/index.php\/producto\/mangueras-de-teflon\/\" aria-label=\"MANGUERAS DE TEFL\u00d3N\"><img loading=\"lazy\" decoding=\"async\" width=\"500\" height=\"500\" src=\"https:\/\/hydsol.cl\/wp-content\/uploads\/2024\/06\/MANGUERA-DE-TEFLON.jpg\" class=\"attachment-large size-large wp-post-image\" alt=\"\" srcset=\"https:\/\/hydsol.cl\/wp-content\/uploads\/2024\/06\/MANGUERA-DE-TEFLON.jpg 500w, https:\/\/hydsol.cl\/wp-content\/uploads\/2024\/06\/MANGUERA-DE-TEFLON-300x300.jpg 300w, https:\/\/hydsol.cl\/wp-content\/uploads\/2024\/06\/MANGUERA-DE-TEFLON-150x150.jpg 150w\" sizes=\"auto, (max-width: 500px) 100vw, 500px\" \/><\/a><\/div><h4 class=\"w-post-elm post_title usg_post_title_1 has_text_color align_center woocommerce-loop-product__title color_link_inherit\"><a href=\"https:\/\/hydsol.cl\/index.php\/producto\/mangueras-de-teflon\/\">MANGUERAS DE TEFL\u00d3N<\/a><\/h4><div class=\"w-hwrapper usg_hwrapper_1 align_center valign_middle\" style=\"--hwrapper-gap:1.20rem\"><a class=\"w-btn us-btn-style_3 usg_btn_1\" href=\"https:\/\/hydsol.cl\/index.php\/producto\/mangueras-de-teflon\/\"><span class=\"w-btn-label\">COTIZAR<\/span><\/a><\/div><\/div>\t\t<\/div>\r\n\t\t\t<\/article>\r\n\t<article class=\"w-grid-item size_1x1 post-8439 product type-product status-publish has-post-thumbnail product_cat-mangueras-hidraulicas  instock shipping-taxable product-type-simple\" data-id=\"8439\">\r\n\t\t<div class=\"w-grid-item-h\">\r\n\t\t\t\t\t\t<div class=\"w-vwrapper usg_vwrapper_1 align_center valign_middle\"><div class=\"w-post-elm post_image usg_post_image_1 has_width has_height stretched\"><a href=\"https:\/\/hydsol.cl\/index.php\/producto\/mangueras-con-estandar-minero\/\" aria-label=\"MANGUERAS CON ESTANDAR MINERO\"><img loading=\"lazy\" decoding=\"async\" width=\"500\" height=\"500\" src=\"https:\/\/hydsol.cl\/wp-content\/uploads\/2024\/06\/MANGUERAS-CON-ESTANDAR-MINERO.jpg\" class=\"attachment-large size-large wp-post-image\" alt=\"\" srcset=\"https:\/\/hydsol.cl\/wp-content\/uploads\/2024\/06\/MANGUERAS-CON-ESTANDAR-MINERO.jpg 500w, https:\/\/hydsol.cl\/wp-content\/uploads\/2024\/06\/MANGUERAS-CON-ESTANDAR-MINERO-300x300.jpg 300w, https:\/\/hydsol.cl\/wp-content\/uploads\/2024\/06\/MANGUERAS-CON-ESTANDAR-MINERO-150x150.jpg 150w\" sizes=\"auto, (max-width: 500px) 100vw, 500px\" \/><\/a><\/div><h4 class=\"w-post-elm post_title usg_post_title_1 has_text_color align_center woocommerce-loop-product__title color_link_inherit\"><a href=\"https:\/\/hydsol.cl\/index.php\/producto\/mangueras-con-estandar-minero\/\">MANGUERAS CON ESTANDAR MINERO<\/a><\/h4><div class=\"w-hwrapper usg_hwrapper_1 align_center valign_middle\" style=\"--hwrapper-gap:1.20rem\"><a class=\"w-btn us-btn-style_3 usg_btn_1\" href=\"https:\/\/hydsol.cl\/index.php\/producto\/mangueras-con-estandar-minero\/\"><span class=\"w-btn-label\">COTIZAR<\/span><\/a><\/div><\/div>\t\t<\/div>\r\n\t\t\t<\/article>\r\n\t<article class=\"w-grid-item size_1x1 post-8438 product type-product status-publish has-post-thumbnail product_cat-mangueras-hidraulicas last instock shipping-taxable product-type-simple\" data-id=\"8438\">\r\n\t\t<div class=\"w-grid-item-h\">\r\n\t\t\t\t\t\t<div class=\"w-vwrapper usg_vwrapper_1 align_center valign_middle\"><div class=\"w-post-elm post_image usg_post_image_1 has_width has_height stretched\"><a href=\"https:\/\/hydsol.cl\/index.php\/producto\/mangueras-armadas\/\" aria-label=\"MANGUERAS ARMADAS\"><img loading=\"lazy\" decoding=\"async\" width=\"500\" height=\"500\" src=\"https:\/\/hydsol.cl\/wp-content\/uploads\/2024\/06\/MANGUERAS-ARMADAS.jpg\" class=\"attachment-large size-large wp-post-image\" alt=\"\" srcset=\"https:\/\/hydsol.cl\/wp-content\/uploads\/2024\/06\/MANGUERAS-ARMADAS.jpg 500w, https:\/\/hydsol.cl\/wp-content\/uploads\/2024\/06\/MANGUERAS-ARMADAS-300x300.jpg 300w, https:\/\/hydsol.cl\/wp-content\/uploads\/2024\/06\/MANGUERAS-ARMADAS-150x150.jpg 150w\" sizes=\"auto, (max-width: 500px) 100vw, 500px\" \/><\/a><\/div><h4 class=\"w-post-elm post_title usg_post_title_1 has_text_color align_center woocommerce-loop-product__title color_link_inherit\"><a href=\"https:\/\/hydsol.cl\/index.php\/producto\/mangueras-armadas\/\">MANGUERAS ARMADAS<\/a><\/h4><div class=\"w-hwrapper usg_hwrapper_1 align_center valign_middle\" style=\"--hwrapper-gap:1.20rem\"><a class=\"w-btn us-btn-style_3 usg_btn_1\" href=\"https:\/\/hydsol.cl\/index.php\/producto\/mangueras-armadas\/\"><span class=\"w-btn-label\">COTIZAR<\/span><\/a><\/div><\/div>\t\t<\/div>\r\n\t\t\t<\/article>\r\n\t<article class=\"w-grid-item size_1x1 post-8437 product type-product status-publish has-post-thumbnail product_cat-mangueras-hidraulicas first instock shipping-taxable product-type-simple\" data-id=\"8437\">\r\n\t\t<div class=\"w-grid-item-h\">\r\n\t\t\t\t\t\t<div class=\"w-vwrapper usg_vwrapper_1 align_center valign_middle\"><div class=\"w-post-elm post_image usg_post_image_1 has_width has_height stretched\"><a href=\"https:\/\/hydsol.cl\/index.php\/producto\/ensamble-de-mangueras-hidraulicas\/\" aria-label=\"ENSAMBLE DE MANGUERAS HIDRAULICAS\"><img loading=\"lazy\" decoding=\"async\" width=\"500\" height=\"500\" src=\"https:\/\/hydsol.cl\/wp-content\/uploads\/2024\/06\/ENSAMBLE-DE-MANGUERAS-HIDRAULICAS.jpg\" class=\"attachment-large size-large wp-post-image\" alt=\"\" srcset=\"https:\/\/hydsol.cl\/wp-content\/uploads\/2024\/06\/ENSAMBLE-DE-MANGUERAS-HIDRAULICAS.jpg 500w, https:\/\/hydsol.cl\/wp-content\/uploads\/2024\/06\/ENSAMBLE-DE-MANGUERAS-HIDRAULICAS-300x300.jpg 300w, https:\/\/hydsol.cl\/wp-content\/uploads\/2024\/06\/ENSAMBLE-DE-MANGUERAS-HIDRAULICAS-150x150.jpg 150w\" sizes=\"auto, (max-width: 500px) 100vw, 500px\" \/><\/a><\/div><h4 class=\"w-post-elm post_title usg_post_title_1 has_text_color align_center woocommerce-loop-product__title color_link_inherit\"><a href=\"https:\/\/hydsol.cl\/index.php\/producto\/ensamble-de-mangueras-hidraulicas\/\">ENSAMBLE DE MANGUERAS HIDRAULICAS<\/a><\/h4><div class=\"w-hwrapper usg_hwrapper_1 align_center valign_middle\" style=\"--hwrapper-gap:1.20rem\"><a class=\"w-btn us-btn-style_3 usg_btn_1\" href=\"https:\/\/hydsol.cl\/index.php\/producto\/ensamble-de-mangueras-hidraulicas\/\"><span class=\"w-btn-label\">COTIZAR<\/span><\/a><\/div><\/div>\t\t<\/div>\r\n\t\t\t<\/article>\r\n<\/div><div class=\"w-grid-preloader\">\t<div class=\"g-preloader type_1\">\r\n\t\t<div><\/div>\r\n\t<\/div>\r\n\t<\/div>\t<div class=\"w-grid-json hidden\" onclick='return {&quot;action&quot;:&quot;us_ajax_grid&quot;,&quot;infinite_scroll&quot;:0,&quot;max_num_pages&quot;:1,&quot;pagination&quot;:&quot;none&quot;,&quot;template_vars&quot;:{&quot;columns&quot;:&quot;3&quot;,&quot;exclude_items&quot;:&quot;none&quot;,&quot;img_size&quot;:&quot;default&quot;,&quot;ignore_items_size&quot;:0,&quot;items_layout&quot;:&quot;8421&quot;,&quot;items_offset&quot;:&quot;1&quot;,&quot;load_animation&quot;:&quot;none&quot;,&quot;overriding_link&quot;:&quot;{\\&quot;url\\&quot;:\\&quot;\\&quot;}&quot;,&quot;post_id&quot;:0,&quot;query_args&quot;:{&quot;post_type&quot;:[&quot;product&quot;],&quot;tax_query&quot;:[{&quot;taxonomy&quot;:&quot;product_cat&quot;,&quot;field&quot;:&quot;slug&quot;,&quot;terms&quot;:[&quot;mangueras-hidraulicas&quot;]},{&quot;taxonomy&quot;:&quot;product_visibility&quot;,&quot;field&quot;:&quot;slug&quot;,&quot;terms&quot;:[&quot;exclude-from-catalog&quot;],&quot;operator&quot;:&quot;NOT IN&quot;}],&quot;post_status&quot;:[&quot;publish&quot;,&quot;acf-disabled&quot;,&quot;wc-ywraq-new&quot;,&quot;wc-ywraq-pending&quot;,&quot;wc-ywraq-expired&quot;,&quot;wc-ywraq-accepted&quot;,&quot;wc-ywraq-rejected&quot;],&quot;meta_query&quot;:[],&quot;posts_per_page&quot;:&quot;10&quot;},&quot;orderby_query_args&quot;:{&quot;orderby&quot;:{&quot;date&quot;:&quot;DESC&quot;}},&quot;type&quot;:&quot;grid&quot;,&quot;us_grid_post_type&quot;:&quot;product&quot;,&quot;us_grid_ajax_index&quot;:1,&quot;us_grid_filter_query_string&quot;:null,&quot;us_grid_index&quot;:1,&quot;page_args&quot;:[]}}'><\/div>\r\n\t<\/div><\/div><\/div><div class=\"wpb_column vc_column_container\"><div class=\"vc_column-inner\"><\/div><\/div><\/div><\/div><\/div><\/div><\/div><\/section>\n","protected":false},"excerpt":{"rendered":"ENSAMBLE DE MANGUERAS HIDRAULICAS El ensamble de mangueras hidr\u00e1ulicas es una soluci\u00f3n integral dise\u00f1ada para proporcionar conexiones seguras y confiables en sistemas hidr\u00e1ulicos. Este ensamble est\u00e1 compuesto por mangueras de alta resistencia, acoples y conexiones, cuidadosamente seleccionados y ensamblados para garantizar un rendimiento \u00f3ptimo en una variedad de aplicaciones industriales y m\u00f3viles. WhatsAppCotizarCont\u00e1ctanosWhatsAppCotizarCont\u00e1ctanos","protected":false},"featured_media":8544,"comment_status":"open","ping_status":"closed","template":"","meta":{"_acf_changed":false},"product_brand":[],"product_cat":[15],"product_tag":[],"class_list":{"0":"post-8281","1":"product","2":"type-product","3":"status-publish","4":"has-post-thumbnail","6":"product_cat-sin-categorizar","8":"first","9":"instock","10":"shipping-taxable","11":"product-type-simple"},"acf":[],"_links":{"self":[{"href":"https:\/\/hydsol.cl\/index.php\/wp-json\/wp\/v2\/product\/8281","targetHints":{"allow":["GET"]}}],"collection":[{"href":"https:\/\/hydsol.cl\/index.php\/wp-json\/wp\/v2\/product"}],"about":[{"href":"https:\/\/hydsol.cl\/index.php\/wp-json\/wp\/v2\/types\/product"}],"replies":[{"embeddable":true,"href":"https:\/\/hydsol.cl\/index.php\/wp-json\/wp\/v2\/comments?post=8281"}],"wp:featuredmedia":[{"embeddable":true,"href":"https:\/\/hydsol.cl\/index.php\/wp-json\/wp\/v2\/media\/8544"}],"wp:attachment":[{"href":"https:\/\/hydsol.cl\/index.php\/wp-json\/wp\/v2\/media?parent=8281"}],"wp:term":[{"taxonomy":"product_brand","embeddable":true,"href":"https:\/\/hydsol.cl\/index.php\/wp-json\/wp\/v2\/product_brand?post=8281"},{"taxonomy":"product_cat","embeddable":true,"href":"https:\/\/hydsol.cl\/index.php\/wp-json\/wp\/v2\/product_cat?post=8281"},{"taxonomy":"product_tag","embeddable":true,"href":"https:\/\/hydsol.cl\/index.php\/wp-json\/wp\/v2\/product_tag?post=8281"}],"curies":[{"name":"wp","href":"https:\/\/api.w.org\/{rel}","templated":true}]}}