{"id":8262,"date":"2024-06-06T21:34:41","date_gmt":"2024-06-06T21:34:41","guid":{"rendered":"https:\/\/hydsol.cl\/?post_type=product&#038;p=8262"},"modified":"2024-11-15T18:09:08","modified_gmt":"2024-11-15T18:09:08","slug":"flexibles-hidraulicos","status":"publish","type":"product","link":"https:\/\/hydsol.cl\/index.php\/producto\/flexibles-hidraulicos\/","title":{"rendered":"FLEXIBLES HIDR\u00c1ULICOS"},"content":{"rendered":"<section class=\"l-section wpb_row us_custom_d984a24d height_auto width_full\"><div class=\"l-section-h i-cf\"><div class=\"g-cols vc_row via_grid cols_2 laptops-cols_inherit tablets-cols_inherit mobiles-cols_1 valign_top type_boxes stacking_default\" style=\"--gap:0rem;\"><div class=\"wpb_column vc_column_container us_custom_455be336 has_bg_color\"><div class=\"vc_column-inner\"><div class=\"w-separator size_huge\"><\/div><div class=\"w-separator size_large\"><\/div><div class=\"w-image hide_on_default hide_on_laptops hide_on_tablets align_center\"><div class=\"w-image-h\"><img decoding=\"async\" width=\"700\" height=\"500\" src=\"https:\/\/hydsol.cl\/wp-content\/uploads\/2023\/06\/servicio-de-flexibles-hidraulicos.jpg\" class=\"attachment-full size-full\" alt=\"\" loading=\"lazy\" srcset=\"https:\/\/hydsol.cl\/wp-content\/uploads\/2023\/06\/servicio-de-flexibles-hidraulicos.jpg 700w, https:\/\/hydsol.cl\/wp-content\/uploads\/2023\/06\/servicio-de-flexibles-hidraulicos-600x429.jpg 600w\" sizes=\"auto, (max-width: 700px) 100vw, 700px\" \/><\/div><\/div><\/div><\/div><div class=\"wpb_column vc_column_container us_custom_ebc3210c has_text_color has_bg_color\"><div class=\"vc_column-inner\"><div class=\"w-separator size_medium\"><\/div><div class=\"w-separator size_medium\"><\/div><div class=\"wpb_text_column\"><div class=\"wpb_wrapper\"><h2><strong><span style=\"color: #ed5a35;\">FLEXIBLES HIDR\u00c1ULICOS<\/span><\/strong><\/h2>\n<\/div><\/div><div class=\"w-separator size_medium\"><\/div><div class=\"wpb_text_column\"><div class=\"wpb_wrapper\"><h6>En Hydsol, ofrecemos flexibles hidr\u00e1ulicos de alta calidad, dise\u00f1ados para garantizar un rendimiento \u00f3ptimo en diversas aplicaciones industriales. Nuestros flexibles est\u00e1n fabricados con materiales resistentes que soportan altas presiones y condiciones\u00a0exigentes.<\/h6>\n<\/div><\/div><div class=\"w-separator size_medium\"><\/div><div class=\"w-separator hide_on_tablets hide_on_mobiles size_huge\"><\/div><\/div><\/div><\/div><\/div><\/section>\n","protected":false},"excerpt":{"rendered":"FLEXIBLES HIDR\u00c1ULICOS En Hydsol, ofrecemos flexibles hidr\u00e1ulicos de alta calidad, dise\u00f1ados para garantizar un rendimiento \u00f3ptimo en diversas aplicaciones industriales. Nuestros flexibles est\u00e1n fabricados con materiales resistentes que soportan altas presiones y condiciones\u00a0exigentes.","protected":false},"featured_media":8052,"comment_status":"open","ping_status":"closed","template":"","meta":{"_acf_changed":false},"product_brand":[],"product_cat":[15],"product_tag":[],"class_list":{"0":"post-8262","1":"product","2":"type-product","3":"status-publish","4":"has-post-thumbnail","6":"product_cat-sin-categorizar","8":"first","9":"instock","10":"shipping-taxable","11":"product-type-simple"},"acf":[],"_links":{"self":[{"href":"https:\/\/hydsol.cl\/index.php\/wp-json\/wp\/v2\/product\/8262","targetHints":{"allow":["GET"]}}],"collection":[{"href":"https:\/\/hydsol.cl\/index.php\/wp-json\/wp\/v2\/product"}],"about":[{"href":"https:\/\/hydsol.cl\/index.php\/wp-json\/wp\/v2\/types\/product"}],"replies":[{"embeddable":true,"href":"https:\/\/hydsol.cl\/index.php\/wp-json\/wp\/v2\/comments?post=8262"}],"wp:featuredmedia":[{"embeddable":true,"href":"https:\/\/hydsol.cl\/index.php\/wp-json\/wp\/v2\/media\/8052"}],"wp:attachment":[{"href":"https:\/\/hydsol.cl\/index.php\/wp-json\/wp\/v2\/media?parent=8262"}],"wp:term":[{"taxonomy":"product_brand","embeddable":true,"href":"https:\/\/hydsol.cl\/index.php\/wp-json\/wp\/v2\/product_brand?post=8262"},{"taxonomy":"product_cat","embeddable":true,"href":"https:\/\/hydsol.cl\/index.php\/wp-json\/wp\/v2\/product_cat?post=8262"},{"taxonomy":"product_tag","embeddable":true,"href":"https:\/\/hydsol.cl\/index.php\/wp-json\/wp\/v2\/product_tag?post=8262"}],"curies":[{"name":"wp","href":"https:\/\/api.w.org\/{rel}","templated":true}]}}