{"id":7996,"date":"2023-06-11T09:57:17","date_gmt":"2023-06-11T09:57:17","guid":{"rendered":"https:\/\/hydsol.cl\/?post_type=product&#038;p=7996"},"modified":"2023-06-11T09:57:20","modified_gmt":"2023-06-11T09:57:20","slug":"producto-5","status":"publish","type":"product","link":"https:\/\/hydsol.cl\/index.php\/producto\/producto-5\/","title":{"rendered":"Producto 5"},"content":{"rendered":"<p><strong>Lorem Ipsum<\/strong>\u00a0es simplemente el texto de relleno de las imprentas y archivos de texto. Lorem Ipsum ha sido el texto de relleno est\u00e1ndar de las industrias desde el a\u00f1o 1500, cuando un impresor (N. del T. persona que se dedica a la imprenta) desconocido us\u00f3 una galer\u00eda de textos y los mezcl\u00f3 de tal manera que logr\u00f3 hacer un libro de textos especimen.<\/p>\n","protected":false},"excerpt":{"rendered":"<p>Lorem Ipsum\u00a0es simplemente el texto de relleno de las imprentas y archivos de texto. Lorem Ipsum ha sido el texto de relleno est\u00e1ndar de las industrias desde el a\u00f1o 1500, cuando un impresor (N. del T. persona que se dedica a la imprenta) desconocido us\u00f3 una galer\u00eda de textos y los mezcl\u00f3 de tal manera&#8230;<\/p>\n","protected":false},"featured_media":7997,"comment_status":"open","ping_status":"closed","template":"","meta":{"_acf_changed":false},"product_brand":[],"product_cat":[15],"product_tag":[],"class_list":{"0":"post-7996","1":"product","2":"type-product","3":"status-publish","4":"has-post-thumbnail","6":"product_cat-sin-categorizar","8":"first","9":"instock","10":"shipping-taxable","11":"purchasable","12":"product-type-simple"},"acf":[],"_links":{"self":[{"href":"https:\/\/hydsol.cl\/index.php\/wp-json\/wp\/v2\/product\/7996","targetHints":{"allow":["GET"]}}],"collection":[{"href":"https:\/\/hydsol.cl\/index.php\/wp-json\/wp\/v2\/product"}],"about":[{"href":"https:\/\/hydsol.cl\/index.php\/wp-json\/wp\/v2\/types\/product"}],"replies":[{"embeddable":true,"href":"https:\/\/hydsol.cl\/index.php\/wp-json\/wp\/v2\/comments?post=7996"}],"wp:featuredmedia":[{"embeddable":true,"href":"https:\/\/hydsol.cl\/index.php\/wp-json\/wp\/v2\/media\/7997"}],"wp:attachment":[{"href":"https:\/\/hydsol.cl\/index.php\/wp-json\/wp\/v2\/media?parent=7996"}],"wp:term":[{"taxonomy":"product_brand","embeddable":true,"href":"https:\/\/hydsol.cl\/index.php\/wp-json\/wp\/v2\/product_brand?post=7996"},{"taxonomy":"product_cat","embeddable":true,"href":"https:\/\/hydsol.cl\/index.php\/wp-json\/wp\/v2\/product_cat?post=7996"},{"taxonomy":"product_tag","embeddable":true,"href":"https:\/\/hydsol.cl\/index.php\/wp-json\/wp\/v2\/product_tag?post=7996"}],"curies":[{"name":"wp","href":"https:\/\/api.w.org\/{rel}","templated":true}]}}