{"id":8119,"date":"2023-09-01T13:48:35","date_gmt":"2023-09-01T13:48:35","guid":{"rendered":"https:\/\/hydsol.cl\/request-quote\/"},"modified":"2023-09-01T15:27:43","modified_gmt":"2023-09-01T15:27:43","slug":"request-quote","status":"publish","type":"page","link":"https:\/\/hydsol.cl\/index.php\/request-quote\/","title":{"rendered":"Solicitar un presupuesto"},"content":{"rendered":"<section class=\"l-section wpb_row us_custom_b03640aa height_custom\"><div class=\"l-section-h i-cf\"><div class=\"g-cols vc_row via_grid cols_1 laptops-cols_inherit tablets-cols_inherit mobiles-cols_1 valign_top type_default stacking_default\"><div class=\"wpb_column vc_column_container\"><div class=\"vc_column-inner\"><div class=\"wpb_text_column\"><div class=\"wpb_wrapper\">\n<div class=\"woocommerce ywraq-wrapper ywraq-empty\">\n\t\t\t<div id=\"yith-ywraq-message\"><div class=\"ywraq-question-message\">\n\t<\/div>\n<\/div>\n\t\t\n\t\t\t\t<div class=\"ywraq-form-table-wrapper wide\">\n\t\t\t<div class=\"ywraq-before-form\">\n\t<p class=\"ywraq_list_empty_message\">Tu lista est\u00e1 vac\u00eda, a\u00f1ade productos a la lista para enviar una solicitud<p><p class=\"return-to-shop\"><a class=\"button wc-backward\" href=\"https:\/\/hydsol.cl\/index.php\/tienda\/\">Volver a la tienda<\/a><\/p><\/div>\n\t\t\t\t\t<\/div>\n\t<\/div>\n\n<p>\n<\/div><\/div><\/div><\/div><\/div><\/div><\/section>","protected":false},"excerpt":{"rendered":"Tu lista est\u00e1 vac\u00eda, a\u00f1ade productos a la lista para enviar una solicitudVolver a la tienda","protected":false},"author":2,"featured_media":0,"parent":0,"menu_order":0,"comment_status":"closed","ping_status":"closed","template":"","meta":{"_acf_changed":false,"footnotes":""},"class_list":["post-8119","page","type-page","status-publish","hentry"],"acf":[],"_links":{"self":[{"href":"https:\/\/hydsol.cl\/index.php\/wp-json\/wp\/v2\/pages\/8119","targetHints":{"allow":["GET"]}}],"collection":[{"href":"https:\/\/hydsol.cl\/index.php\/wp-json\/wp\/v2\/pages"}],"about":[{"href":"https:\/\/hydsol.cl\/index.php\/wp-json\/wp\/v2\/types\/page"}],"author":[{"embeddable":true,"href":"https:\/\/hydsol.cl\/index.php\/wp-json\/wp\/v2\/users\/2"}],"replies":[{"embeddable":true,"href":"https:\/\/hydsol.cl\/index.php\/wp-json\/wp\/v2\/comments?post=8119"}],"version-history":[{"count":4,"href":"https:\/\/hydsol.cl\/index.php\/wp-json\/wp\/v2\/pages\/8119\/revisions"}],"predecessor-version":[{"id":8128,"href":"https:\/\/hydsol.cl\/index.php\/wp-json\/wp\/v2\/pages\/8119\/revisions\/8128"}],"wp:attachment":[{"href":"https:\/\/hydsol.cl\/index.php\/wp-json\/wp\/v2\/media?parent=8119"}],"curies":[{"name":"wp","href":"https:\/\/api.w.org\/{rel}","templated":true}]}}